{"id":19,"date":"2020-03-14T12:40:08","date_gmt":"2020-03-14T12:40:08","guid":{"rendered":"http:\/\/shibumi.se\/?page_id=19"},"modified":"2020-03-14T12:40:08","modified_gmt":"2020-03-14T12:40:08","slug":"om-sidan","status":"publish","type":"page","link":"https:\/\/shibumi.se\/?page_id=19","title":{"rendered":"Om sidan"},"content":{"rendered":"\n<p>Hej p\u00e5 dig k\u00e4ra l\u00e4sare, jag heter Lucas och \u00e4r 24 \u00e5r gammal och studerar i Japan f\u00f6r tillf\u00e4llet. Detta land \u00e4r mitt andra hem och kommer troligtvis att bos\u00e4tta mig h\u00e4r i framtiden. Jag studerar Japanska och f\u00f6r dig som \u00e4r nyfiken och har fr\u00e5gor om spr\u00e5kresor s\u00e5 \u00e4r du v\u00e4lkommen att kontakta mig.<\/p>\n\n\n\n<p>P\u00e5 sidan kommer jag att skriva om lite olika saker men det blir ju en del om Japan, Mat och bilar som \u00e4r en stor hobby i mitt liv. Ha det fint! <br><br>\/Lucas<\/p>\n","protected":false},"excerpt":{"rendered":"<p>Hej p\u00e5 dig k\u00e4ra l\u00e4sare, jag heter Lucas och \u00e4r 24 \u00e5r gammal och studerar i Japan f\u00f6r tillf\u00e4llet. Detta&hellip;<\/p>\n","protected":false},"author":1,"featured_media":0,"parent":0,"menu_order":0,"comment_status":"closed","ping_status":"closed","template":"","meta":[],"_links":{"self":[{"href":"https:\/\/shibumi.se\/index.php?rest_route=\/wp\/v2\/pages\/19"}],"collection":[{"href":"https:\/\/shibumi.se\/index.php?rest_route=\/wp\/v2\/pages"}],"about":[{"href":"https:\/\/shibumi.se\/index.php?rest_route=\/wp\/v2\/types\/page"}],"author":[{"embeddable":true,"href":"https:\/\/shibumi.se\/index.php?rest_route=\/wp\/v2\/users\/1"}],"replies":[{"embeddable":true,"href":"https:\/\/shibumi.se\/index.php?rest_route=%2Fwp%2Fv2%2Fcomments&post=19"}],"version-history":[{"count":1,"href":"https:\/\/shibumi.se\/index.php?rest_route=\/wp\/v2\/pages\/19\/revisions"}],"predecessor-version":[{"id":20,"href":"https:\/\/shibumi.se\/index.php?rest_route=\/wp\/v2\/pages\/19\/revisions\/20"}],"wp:attachment":[{"href":"https:\/\/shibumi.se\/index.php?rest_route=%2Fwp%2Fv2%2Fmedia&parent=19"}],"curies":[{"name":"wp","href":"https:\/\/api.w.org\/{rel}","templated":true}]}}